{"id":943,"date":"2025-03-05T10:19:54","date_gmt":"2025-03-05T10:19:54","guid":{"rendered":"https:\/\/www.abain.es\/politica-de-cookies\/"},"modified":"2025-03-05T10:19:54","modified_gmt":"2025-03-05T10:19:54","slug":"politica-de-cookies","status":"publish","type":"page","link":"https:\/\/www.abain.es\/en\/politica-de-cookies\/","title":{"rendered":"Pol\u00edtica de cookies"},"content":{"rendered":"<div class=\"fusion-fullwidth fullwidth-box fusion-builder-row-1 fusion-flex-container has-pattern-background has-mask-background nonhundred-percent-fullwidth non-hundred-percent-height-scrolling\" style=\"--awb-border-radius-top-left:0px;--awb-border-radius-top-right:0px;--awb-border-radius-bottom-right:0px;--awb-border-radius-bottom-left:0px;--awb-flex-wrap:wrap;\" ><div class=\"fusion-builder-row fusion-row fusion-flex-align-items-flex-start fusion-flex-content-wrap\" style=\"max-width:1248px;margin-left: calc(-4% \/ 2 );margin-right: calc(-4% \/ 2 );\"><div class=\"fusion-layout-column fusion_builder_column fusion-builder-column-0 fusion_builder_column_1_1 1_1 fusion-flex-column\" style=\"--awb-bg-size:cover;--awb-width-large:100%;--awb-margin-top-large:0px;--awb-spacing-right-large:1.92%;--awb-margin-bottom-large:20px;--awb-spacing-left-large:1.92%;--awb-width-medium:100%;--awb-order-medium:0;--awb-spacing-right-medium:1.92%;--awb-spacing-left-medium:1.92%;--awb-width-small:100%;--awb-order-small:0;--awb-spacing-right-small:1.92%;--awb-spacing-left-small:1.92%;\"><div class=\"fusion-column-wrapper fusion-column-has-shadow fusion-flex-justify-content-flex-start fusion-content-layout-column\"><div class=\"fusion-text fusion-text-1\"><h1 class=\"p1\">Pol\u00edtica de Cookies<\/h1>\n<h3 class=\"p2\">\u00bfQu\u00e9 son las cookies?<\/h3>\n<p class=\"p3\">Este sitio web utiliza cookies y\/o tecnolog\u00edas similares que almacenan y recuperan informaci\u00f3n cuando navegas. En general, estas tecnolog\u00edas pueden servir para finalidades muy diversas, como, por ejemplo, reconocerte como usuario, obtener informaci\u00f3n sobre tus h\u00e1bitos de navegaci\u00f3n, o personalizar la forma en que se muestra el contenido. Los usos concretos que hacemos de estas tecnolog\u00edas se describen a continuaci\u00f3n.<\/p>\n<p class=\"p2\">\u00bfPara qu\u00e9 utiliza las cookies esta p\u00e1gina web?<\/p>\n<p class=\"p3\">Esta p\u00e1gina web utiliza las cookies para una serie de finalidades, incluidas:<\/p>\n<ul class=\"ul1\">\n<li class=\"li4\"><b>An\u00e1lisis<\/b>: son aquellas que, tratadas por nosotros o por terceros, nos permiten cuantificar el n\u00famero de usuarios y as\u00ed realizar la medici\u00f3n y an\u00e1lisis estad\u00edstico de la utilizaci\u00f3n que hacen los usuarios del servicio ofertado. Para ello se analiza su navegaci\u00f3n en nuestra p\u00e1gina web con el fin de mejorar la oferta de productos o servicios que le ofrecemos.<\/li>\n<\/ul>\n<ul class=\"ul1\">\n<li class=\"li4\"><b>Publicitarias: <\/b>son aquellas que, tratadas por nosotros o por terceros, nos permiten analizar sus h\u00e1bitos de navegaci\u00f3n en Internet para que<\/li>\n<\/ul>\n<p class=\"p6\">podamos mostrarle publicidad relacionada con su perfil de navegaci\u00f3n.<\/p>\n<p class=\"p2\">\u00bfQui\u00e9n utiliza las cookies en esta p\u00e1gina web?<\/p>\n<p class=\"p3\">La identificaci\u00f3n de qui\u00e9n utiliza las cookies, el tipo de cookies utilizadas y dem\u00e1s detalles, se indica a continuaci\u00f3n:<\/p>\n<table class=\"t1\" cellspacing=\"0\" cellpadding=\"0\">\n<tbody>\n<tr>\n<td class=\"td1\" colspan=\"4\" valign=\"top\">\n<p class=\"p8\"><b>Cookies propias<\/b><b><\/b><\/p>\n<\/td>\n<\/tr>\n<tr>\n<td class=\"td2\" valign=\"top\">\n<p class=\"p8\"><b>Entidad que utiliza las cookies<\/b><b><\/b><\/p>\n<\/td>\n<td class=\"td3\" valign=\"top\">\n<p class=\"p8\"><b>Cookies<\/b><b><\/b><\/p>\n<\/td>\n<td class=\"td4\" valign=\"top\">\n<p class=\"p8\"><b>Prop\u00f3sito<\/b><b><\/b><\/p>\n<\/td>\n<td class=\"td5\" valign=\"top\">\n<p class=\"p8\"><b>Periodo de conservaci\u00f3n<\/b><b><\/b><\/p>\n<\/td>\n<\/tr>\n<tr>\n<td class=\"td6\" valign=\"top\">\n<p class=\"p9\">El propietario de esta web<\/p>\n<\/td>\n<td class=\"td7\" valign=\"top\">\n<p class=\"p9\">Propias<\/p>\n<\/td>\n<td class=\"td8\" valign=\"top\">\n<p class=\"p9\">Mejorar la navegaci\u00f3n de los usuarios<\/p>\n<\/td>\n<td class=\"td9\" valign=\"top\">\n<p class=\"p10\">Cesi\u00f3n<\/p>\n<\/td>\n<\/tr>\n<\/tbody>\n<\/table>\n<table class=\"t1\" cellspacing=\"0\" cellpadding=\"0\">\n<tbody>\n<tr>\n<td class=\"td1\" colspan=\"3\" valign=\"top\">\n<p class=\"p8\"><b>Cookies de terceros<\/b><b><\/b><\/p>\n<\/td>\n<\/tr>\n<tr>\n<td class=\"td2\" valign=\"top\">\n<p class=\"p8\"><b>Entidad que utiliza las cookies<\/b><b><\/b><\/p>\n<\/td>\n<td class=\"td10\" valign=\"top\">\n<p class=\"p8\"><b>Prop\u00f3sito<\/b><b><\/b><\/p>\n<\/td>\n<td class=\"td11\" valign=\"top\">\n<p class=\"p8\"><b>M\u00e1s informaci\u00f3n<\/b><b><\/b><\/p>\n<\/td>\n<\/tr>\n<tr>\n<td class=\"td12\" valign=\"top\">\n<p class=\"p9\">Google Analytics<\/p>\n<\/td>\n<td class=\"td13\" valign=\"top\">\n<p class=\"p9\">Recoger informaci\u00f3n sobre la navegaci\u00f3n de los usuarios por el sitio con el fin de conocer el origen de las visitas y otros datos similares a nivel estad\u00edstico.<\/p>\n<\/td>\n<td class=\"td14\" valign=\"top\">\n<p class=\"p12\"><span class=\"s2\"><a href=\"https:\/\/developers.google.com\/analytics\/devguides\/collection\/analyticsjs\/cookie-usage\">Google Analytics<\/a><\/span><\/p>\n<p class=\"p12\"><span class=\"s2\"><a href=\"http:\/\/www.google.com\/intl\/es\/privacy.html\">Centro de privacidad de Google<\/a><\/span><\/p>\n<\/td>\n<\/tr>\n<\/tbody>\n<\/table>\n<p class=\"p3\">Nota: Las cookies de tipo \u201cPropias\u201d son utilizadas s\u00f3lo por el propietario de esta web y las cookies \u201cDe terceros\u201d son utilizadas, tambi\u00e9n, por el prestador del servicio que est\u00e1 detallado la tabla anterior.<\/p>\n<p class=\"p3\">Puede informarse de las transferencias a terceros pa\u00edses que, en su caso, realizan los terceros identificados en esta pol\u00edtica de cookies en sus correspondientes pol\u00edticas (ver los enlaces facilitados en el apartado \u201cM\u00e1s informaci\u00f3n\u201d de la tabla anterior).<\/p>\n<p class=\"p2\">\u00bfC\u00f3mo puedo desactivar o eliminar estas cookies?<\/p>\n<p class=\"p3\">Puede usted permitir o bloquear las cookies, as\u00ed como borrar sus datos de navegaci\u00f3n (incluidas las cookies) desde el navegador que usted utiliza. Consulte las opciones e instrucciones que ofrece su navegador para ello. Tenga en cuenta que si acepta las cookies de terceros, deber\u00e1 eliminarlas desde las opciones del navegador.<\/p>\n<p class=\"p3\">A continuaci\u00f3n tiene disponibles los enlaces con la informaci\u00f3n para gestionar las cookies de los navegadores m\u00e1s utilizados:<\/p>\n<ul class=\"ul1\">\n<li class=\"li13\"><span class=\"s4\"><b>Firefox<\/b>: <a href=\"http:\/\/support.mozilla.org\/es\/kb\/habilitar-y-deshabilitar-cookies-que-los-sitios-we\"><span class=\"s5\">http:\/\/support.mozilla.org\/es\/kb\/habilitar-y-deshabilitar-cookies-que-los-sitios-we<\/span><\/a> <\/span><\/li>\n<li class=\"li13\"><span class=\"s4\"><b>Chrome<\/b>: <a href=\"http:\/\/support.google.com\/chrome\/bin\/answer.py?hl=es&amp;answer=95647\"><span class=\"s5\">http:\/\/support.google.com\/chrome\/bin\/answer.py?hl=es&amp;answer=95647<\/span><\/a> <\/span><\/li>\n<li class=\"li13\"><span class=\"s4\"><b>Internet Explorer<\/b>: <a href=\"https:\/\/support.microsoft.com\/es-es\/help\/278835\/how-to-delete-cookie-files-in-internet-explorer\"><span class=\"s5\">https:\/\/support.microsoft.com\/es-es\/help\/278835\/how-to-delete-cookie-files-in-internet-explorer<\/span><\/a> <\/span><\/li>\n<li class=\"li13\"><span class=\"s4\"><b>Microsoft Edge:<\/b> <a href=\"https:\/\/support.microsoft.com\/es-es\/help\/4468242\/microsoft-edge-browsing-data-and-privacy-microsoft-privacy\"><span class=\"s5\">https:\/\/support.microsoft.com\/es-es\/help\/4468242\/microsoft-edge-browsing-data-and-privacy-microsoft-privacy<\/span><\/a> <\/span><\/li>\n<li class=\"li13\"><span class=\"s4\"><b>Safari<\/b>: <a href=\"http:\/\/support.apple.com\/kb\/ph5042\"><span class=\"s5\">http:\/\/support.apple.com\/kb\/ph5042<\/span><\/a><\/span><\/li>\n<li class=\"li13\"><span class=\"s4\"><b>Opera<\/b>: <a href=\"http:\/\/help.opera.com\/Windows\/11.50\/es-ES\/cookies.html\"><span class=\"s5\">http:\/\/help.opera.com\/Windows\/11.50\/es-ES\/cookies.html<\/span><\/a><\/span><\/li>\n<li class=\"li14\"><b>Otros navegadores<\/b>: consulte la documentaci\u00f3n del navegador que tenga instalado.<\/li>\n<\/ul>\n<p class=\"p15\">Complemento de inhabilitaci\u00f3n para navegadores de Google Analytics<\/p>\n<p class=\"p3\">Si desea rechazar las cookies anal\u00edticas de Google Analytics en todos los navegadores, de forma que no se env\u00ede informaci\u00f3n suya a Google Analitys, puede descargar un complemento que realiza esta funci\u00f3n desde este enlace: <a href=\"https:\/\/tools.google.com\/dlpage\/gaoptout\"><span class=\"s5\">https:\/\/tools.google.com\/dlpage\/gaoptout<\/span><\/a>.<\/p>\n<p class=\"p2\">Ejercicio de derechos<\/p>\n<p class=\"p3\">Puede conocer y ejercer sus derechos en materia de protecci\u00f3n de datos accediendo a nuestra <span class=\"s2\">Pol\u00edtica de Privacidad<\/span>.<\/p>\n<\/div><\/div><\/div><\/div><\/div>\n","protected":false},"excerpt":{"rendered":"","protected":false},"author":1,"featured_media":0,"parent":0,"menu_order":0,"comment_status":"closed","ping_status":"closed","template":"100-width.php","meta":{"footnotes":""},"class_list":["post-943","page","type-page","status-publish","hentry"],"yoast_head":"<!-- This site is optimized with the Yoast SEO plugin v27.0 - https:\/\/yoast.com\/product\/yoast-seo-wordpress\/ -->\n<title>Pol\u00edtica de cookies - Abain<\/title>\n<meta name=\"robots\" content=\"index, follow, max-snippet:-1, max-image-preview:large, max-video-preview:-1\" \/>\n<link rel=\"canonical\" href=\"https:\/\/www.abain.es\/en\/politica-de-cookies\/\" \/>\n<meta property=\"og:locale\" content=\"en_US\" \/>\n<meta property=\"og:type\" content=\"article\" \/>\n<meta property=\"og:title\" content=\"Pol\u00edtica de cookies - Abain\" \/>\n<meta property=\"og:url\" content=\"https:\/\/www.abain.es\/en\/politica-de-cookies\/\" \/>\n<meta property=\"og:site_name\" content=\"Abain\" \/>\n<meta property=\"article:publisher\" content=\"https:\/\/www.facebook.com\/Abain-Components-SL-135868916516621\/?paipv=0&amp;eav=Afb81xP2eAAsIZv9NYOXzPj_fH6-mHY30WaQG-cEdkgkLqIx4nDmo5JcMZvuWgEoHek&amp;_rdr\" \/>\n<meta name=\"twitter:card\" content=\"summary_large_image\" \/>\n<meta name=\"twitter:label1\" content=\"Est. reading time\" \/>\n\t<meta name=\"twitter:data1\" content=\"8 minutes\" \/>\n<script type=\"application\/ld+json\" class=\"yoast-schema-graph\">{\"@context\":\"https:\/\/schema.org\",\"@graph\":[{\"@type\":\"WebPage\",\"@id\":\"https:\/\/www.abain.es\/en\/politica-de-cookies\/\",\"url\":\"https:\/\/www.abain.es\/en\/politica-de-cookies\/\",\"name\":\"Pol\u00edtica de cookies - Abain\",\"isPartOf\":{\"@id\":\"https:\/\/www.abain.es\/en\/#website\"},\"datePublished\":\"2025-03-05T10:19:54+00:00\",\"breadcrumb\":{\"@id\":\"https:\/\/www.abain.es\/en\/politica-de-cookies\/#breadcrumb\"},\"inLanguage\":\"en-US\",\"potentialAction\":[{\"@type\":\"ReadAction\",\"target\":[\"https:\/\/www.abain.es\/en\/politica-de-cookies\/\"]}]},{\"@type\":\"BreadcrumbList\",\"@id\":\"https:\/\/www.abain.es\/en\/politica-de-cookies\/#breadcrumb\",\"itemListElement\":[{\"@type\":\"ListItem\",\"position\":1,\"name\":\"Portada\",\"item\":\"https:\/\/www.abain.es\/en\/\"},{\"@type\":\"ListItem\",\"position\":2,\"name\":\"Pol\u00edtica de cookies\"}]},{\"@type\":\"WebSite\",\"@id\":\"https:\/\/www.abain.es\/en\/#website\",\"url\":\"https:\/\/www.abain.es\/en\/\",\"name\":\"Abain\",\"description\":\"Dise\u00f1o y fabricaci\u00f3n de cilindros y elevadores a gas\",\"publisher\":{\"@id\":\"https:\/\/www.abain.es\/en\/#organization\"},\"potentialAction\":[{\"@type\":\"SearchAction\",\"target\":{\"@type\":\"EntryPoint\",\"urlTemplate\":\"https:\/\/www.abain.es\/en\/?s={search_term_string}\"},\"query-input\":{\"@type\":\"PropertyValueSpecification\",\"valueRequired\":true,\"valueName\":\"search_term_string\"}}],\"inLanguage\":\"en-US\"},{\"@type\":\"Organization\",\"@id\":\"https:\/\/www.abain.es\/en\/#organization\",\"name\":\"Dise\u00f1o y fabricaci\u00f3n de cilindros y elevadores a gas\",\"url\":\"https:\/\/www.abain.es\/en\/\",\"logo\":{\"@type\":\"ImageObject\",\"inLanguage\":\"en-US\",\"@id\":\"https:\/\/www.abain.es\/en\/#\/schema\/logo\/image\/\",\"url\":\"https:\/\/www.abain.es\/wp-content\/uploads\/2023\/03\/ms-icon-310x310-1.png\",\"contentUrl\":\"https:\/\/www.abain.es\/wp-content\/uploads\/2023\/03\/ms-icon-310x310-1.png\",\"width\":310,\"height\":310,\"caption\":\"Dise\u00f1o y fabricaci\u00f3n de cilindros y elevadores a gas\"},\"image\":{\"@id\":\"https:\/\/www.abain.es\/en\/#\/schema\/logo\/image\/\"},\"sameAs\":[\"https:\/\/www.facebook.com\/Abain-Components-SL-135868916516621\/?paipv=0&eav=Afb81xP2eAAsIZv9NYOXzPj_fH6-mHY30WaQG-cEdkgkLqIx4nDmo5JcMZvuWgEoHek&_rdr\",\"https:\/\/www.instagram.com\/abaincomponents\/?hl=es\",\"https:\/\/www.youtube.com\/@abaincomponents\"]}]}<\/script>\n<!-- \/ Yoast SEO plugin. -->","yoast_head_json":{"title":"Pol\u00edtica de cookies - Abain","robots":{"index":"index","follow":"follow","max-snippet":"max-snippet:-1","max-image-preview":"max-image-preview:large","max-video-preview":"max-video-preview:-1"},"canonical":"https:\/\/www.abain.es\/en\/politica-de-cookies\/","og_locale":"en_US","og_type":"article","og_title":"Pol\u00edtica de cookies - Abain","og_url":"https:\/\/www.abain.es\/en\/politica-de-cookies\/","og_site_name":"Abain","article_publisher":"https:\/\/www.facebook.com\/Abain-Components-SL-135868916516621\/?paipv=0&eav=Afb81xP2eAAsIZv9NYOXzPj_fH6-mHY30WaQG-cEdkgkLqIx4nDmo5JcMZvuWgEoHek&_rdr","twitter_card":"summary_large_image","twitter_misc":{"Est. reading time":"8 minutes"},"schema":{"@context":"https:\/\/schema.org","@graph":[{"@type":"WebPage","@id":"https:\/\/www.abain.es\/en\/politica-de-cookies\/","url":"https:\/\/www.abain.es\/en\/politica-de-cookies\/","name":"Pol\u00edtica de cookies - Abain","isPartOf":{"@id":"https:\/\/www.abain.es\/en\/#website"},"datePublished":"2025-03-05T10:19:54+00:00","breadcrumb":{"@id":"https:\/\/www.abain.es\/en\/politica-de-cookies\/#breadcrumb"},"inLanguage":"en-US","potentialAction":[{"@type":"ReadAction","target":["https:\/\/www.abain.es\/en\/politica-de-cookies\/"]}]},{"@type":"BreadcrumbList","@id":"https:\/\/www.abain.es\/en\/politica-de-cookies\/#breadcrumb","itemListElement":[{"@type":"ListItem","position":1,"name":"Portada","item":"https:\/\/www.abain.es\/en\/"},{"@type":"ListItem","position":2,"name":"Pol\u00edtica de cookies"}]},{"@type":"WebSite","@id":"https:\/\/www.abain.es\/en\/#website","url":"https:\/\/www.abain.es\/en\/","name":"Abain","description":"Dise\u00f1o y fabricaci\u00f3n de cilindros y elevadores a gas","publisher":{"@id":"https:\/\/www.abain.es\/en\/#organization"},"potentialAction":[{"@type":"SearchAction","target":{"@type":"EntryPoint","urlTemplate":"https:\/\/www.abain.es\/en\/?s={search_term_string}"},"query-input":{"@type":"PropertyValueSpecification","valueRequired":true,"valueName":"search_term_string"}}],"inLanguage":"en-US"},{"@type":"Organization","@id":"https:\/\/www.abain.es\/en\/#organization","name":"Dise\u00f1o y fabricaci\u00f3n de cilindros y elevadores a gas","url":"https:\/\/www.abain.es\/en\/","logo":{"@type":"ImageObject","inLanguage":"en-US","@id":"https:\/\/www.abain.es\/en\/#\/schema\/logo\/image\/","url":"https:\/\/www.abain.es\/wp-content\/uploads\/2023\/03\/ms-icon-310x310-1.png","contentUrl":"https:\/\/www.abain.es\/wp-content\/uploads\/2023\/03\/ms-icon-310x310-1.png","width":310,"height":310,"caption":"Dise\u00f1o y fabricaci\u00f3n de cilindros y elevadores a gas"},"image":{"@id":"https:\/\/www.abain.es\/en\/#\/schema\/logo\/image\/"},"sameAs":["https:\/\/www.facebook.com\/Abain-Components-SL-135868916516621\/?paipv=0&eav=Afb81xP2eAAsIZv9NYOXzPj_fH6-mHY30WaQG-cEdkgkLqIx4nDmo5JcMZvuWgEoHek&_rdr","https:\/\/www.instagram.com\/abaincomponents\/?hl=es","https:\/\/www.youtube.com\/@abaincomponents"]}]}},"_links":{"self":[{"href":"https:\/\/www.abain.es\/en\/wp-json\/wp\/v2\/pages\/943","targetHints":{"allow":["GET"]}}],"collection":[{"href":"https:\/\/www.abain.es\/en\/wp-json\/wp\/v2\/pages"}],"about":[{"href":"https:\/\/www.abain.es\/en\/wp-json\/wp\/v2\/types\/page"}],"author":[{"embeddable":true,"href":"https:\/\/www.abain.es\/en\/wp-json\/wp\/v2\/users\/1"}],"replies":[{"embeddable":true,"href":"https:\/\/www.abain.es\/en\/wp-json\/wp\/v2\/comments?post=943"}],"version-history":[{"count":0,"href":"https:\/\/www.abain.es\/en\/wp-json\/wp\/v2\/pages\/943\/revisions"}],"wp:attachment":[{"href":"https:\/\/www.abain.es\/en\/wp-json\/wp\/v2\/media?parent=943"}],"curies":[{"name":"wp","href":"https:\/\/api.w.org\/{rel}","templated":true}]}}