{"id":914,"date":"2023-03-06T12:28:18","date_gmt":"2023-03-06T12:28:18","guid":{"rendered":"https:\/\/www.abain.es\/?page_id=914"},"modified":"2024-01-31T13:25:27","modified_gmt":"2024-01-31T13:25:27","slug":"proteccion-de-datos","status":"publish","type":"page","link":"https:\/\/www.abain.es\/en\/proteccion-de-datos\/","title":{"rendered":"Proteccion de datos"},"content":{"rendered":"<div class=\"fusion-fullwidth fullwidth-box fusion-builder-row-1 fusion-flex-container has-pattern-background has-mask-background nonhundred-percent-fullwidth non-hundred-percent-height-scrolling\" style=\"--awb-border-radius-top-left:0px;--awb-border-radius-top-right:0px;--awb-border-radius-bottom-right:0px;--awb-border-radius-bottom-left:0px;--awb-flex-wrap:wrap;\" ><div class=\"fusion-builder-row fusion-row fusion-flex-align-items-flex-start fusion-flex-content-wrap\" style=\"max-width:1248px;margin-left: calc(-4% \/ 2 );margin-right: calc(-4% \/ 2 );\"><div class=\"fusion-layout-column fusion_builder_column fusion-builder-column-0 fusion_builder_column_1_1 1_1 fusion-flex-column\" style=\"--awb-bg-size:cover;--awb-width-large:100%;--awb-margin-top-large:0px;--awb-spacing-right-large:1.92%;--awb-margin-bottom-large:20px;--awb-spacing-left-large:1.92%;--awb-width-medium:100%;--awb-order-medium:0;--awb-spacing-right-medium:1.92%;--awb-spacing-left-medium:1.92%;--awb-width-small:100%;--awb-order-small:0;--awb-spacing-right-small:1.92%;--awb-spacing-left-small:1.92%;\"><div class=\"fusion-column-wrapper fusion-column-has-shadow fusion-flex-justify-content-flex-start fusion-content-layout-column\"><div class=\"fusion-text fusion-text-1\"><h1>Data Protection Act<\/h1>\n<p>ABAIN COMPONENTS S.L.<br \/>\nB75169425<br \/>\nDIRECCI\u00d3N: C\/ Erregeoiana (Pol. Araso), 4D &#8211; 20305, Ir\u00fan (Gipuzkoa).<br \/>\nTEL: 943404601 EMAIL: abarandiaran@abain.es WEB: www.abain.es<\/p>\n<p><strong>Protecci\u00f3n de Datos Personales<\/strong><br \/>\nEn esta web, propiedad de ABAIN COMPONENTS S.L., aseguramos la total protecci\u00f3n de los datos de car\u00e1cter personal proporcionados por nuestros usuarios.<\/p>\n<p>En esta secci\u00f3n ponemos a disposici\u00f3n del interesado la informaci\u00f3n legal o pol\u00edtica de privacidad correspondiente a los distintos tratamientos de datos llevados a cabo por nuestra empresa.<\/p>\n<p>En funci\u00f3n de cu\u00e1l sea su relaci\u00f3n con nuestra empresa, le ser\u00e1 aplicable la correspondiente pol\u00edtica de privacidad:<\/p>\n<p><strong>CONTACTOS<\/strong><\/p>\n<p>\u00bfQui\u00e9n es el responsable de sus datos?<br \/>\nDe acuerdo con lo establecido por la Ley Org\u00e1nica 3\/2018, de 5 de diciembre, de Protecci\u00f3n de Datos Personales y garant\u00eda de los derechos digitales (LOPD) y el Reglamento General de Protecci\u00f3n de Datos (RGPD) de 27 de Abril de 2016, le informamos que los datos personales aportados ser\u00e1n tratados por ABAIN COMPONENTS S.L. con CIF B75169425 y domicilio en C\/ Erregeoiana (Pol. Araso), 4D &#8211; 20305, Ir\u00fan (Gipuzkoa).<br \/>\n\u00bfCon qu\u00e9 finalidad tratamos sus datos personales?<br \/>\nLos datos aportados por usted son necesarios para poder prestarle con todas las garant\u00edas el servicio solicitado, y ser\u00e1n tratados con las siguientes finalidades: Gesti\u00f3n de las comunicaciones internas y externas, prospecci\u00f3n comercial y env\u00edo de publicidad.<\/p>\n<p>\u00bfPor cu\u00e1nto tiempo conservaremos sus datos?<br \/>\nLos datos personales proporcionados se conservar\u00e1n mientras se prevea que pueden ser necesarios para contactar con el interesado.<br \/>\n\u00bfCu\u00e1l es la legitimaci\u00f3n para el tratamiento de sus datos?<br \/>\nLa base legal para el tratamiento de sus datos es el consentimiento del interesado al proporcionar sus datos de contacto.<br \/>\n\u00bfA qu\u00e9 destinatarios se comunicar\u00e1n sus datos?<br \/>\nSus datos no se ceder\u00e1n a terceros salvo obligaci\u00f3n legal.<br \/>\n\u00bfCu\u00e1les son sus derechos cuando nos facilita sus datos?<br \/>\nCualquier persona tiene derecho a solicitar el acceso, rectificaci\u00f3n, supresi\u00f3n, limitaci\u00f3n del tratamiento, oposici\u00f3n o derecho a la portabilidad de sus datos personales, escribi\u00e9ndonos a la direcci\u00f3n de nuestras oficinas, o enviando un correo electr\u00f3nico a abarandiaran@abain.es, indicando el derecho que desea ejercer.<\/p>\n<p>Tendr\u00e1 derecho igualmente a retirar el consentimiento prestado en cualquier momento. La retirada del consentimiento no afectar\u00e1 a la licitud del tratamiento efectuado antes de la retirada de dicho consentimiento.<\/p>\n<p>Tiene derecho a presentar una reclamaci\u00f3n ante la autoridad de control si considera que pueden haber sido vulnerados sus derechos en lo concerniente a la protecci\u00f3n de sus datos personales.<\/p>\n<p><strong>CLIENTES<\/strong><\/p>\n<p>\u00bfQui\u00e9n es el responsable de sus datos?<br \/>\nDe acuerdo con lo establecido por la Ley Org\u00e1nica 3\/2018, de 5 de diciembre, de Protecci\u00f3n de Datos Personales y garant\u00eda de los derechos digitales (LOPD) y el Reglamento General de Protecci\u00f3n de Datos (RGPD) de 27 de Abril de 2016, le informamos que los datos personales aportados ser\u00e1n tratados por ABAIN COMPONENTS S.L. con CIF B75169425 y domicilio en C\/ Erregeoiana (Pol. Araso), 4D &#8211; 20305, Ir\u00fan (Gipuzkoa).<\/p>\n<p>\u00bfCon qu\u00e9 finalidad tratamos sus datos personales?<br \/>\nLos datos aportados por usted son necesarios para poder prestarle con todas las garant\u00edas el servicio solicitado, y ser\u00e1n tratados con las siguientes finalidades: Gesti\u00f3n contable, fiscal y administrativa, gesti\u00f3n de las relaciones comerciales y transacciones econ\u00f3micas, prospecci\u00f3n comercial y env\u00edo de publicidad.<br \/>\n\u00bfPor cu\u00e1nto tiempo conservaremos sus datos?<br \/>\nLos datos personales proporcionados se conservar\u00e1n hasta la finalizaci\u00f3n de la relaci\u00f3n contractual y, posteriormente, durante los plazos legalmente exigidos.<br \/>\n\u00bfCu\u00e1l es la legitimaci\u00f3n para el tratamiento de sus datos?<br \/>\nLa base legal para el tratamiento de sus datos es la ejecuci\u00f3n del contrato suscrito con nosotros.<br \/>\n\u00bfA qu\u00e9 destinatarios se comunicar\u00e1n sus datos?<br \/>\nPara cumplir con la finalidad prevista, sus datos podr\u00e1n ser comunicados a: Administraci\u00f3n tributaria; Bancos, cajas de ahorros y cajas rurales; Administraci\u00f3n p\u00fablica con competencia en la materia.<br \/>\n\u00bfCu\u00e1les son sus derechos cuando nos facilita sus datos?<br \/>\nCualquier persona tiene derecho a solicitar el acceso, rectificaci\u00f3n, supresi\u00f3n, limitaci\u00f3n del tratamiento, oposici\u00f3n o derecho a la portabilidad de sus datos personales, escribi\u00e9ndonos a la direcci\u00f3n de nuestras oficinas, o enviando un correo electr\u00f3nico a abarandiaran@abain.es, indicando el derecho que desea ejercer.<br \/>\nTendr\u00e1 derecho igualmente a retirar el consentimiento prestado en cualquier momento. La retirada del consentimiento no afectar\u00e1 a la licitud del tratamiento efectuado antes de la retirada de dicho consentimiento.<br \/>\nTiene derecho a presentar una reclamaci\u00f3n ante la autoridad de control si considera que pueden haber sido vulnerados sus derechos en lo concerniente a la protecci\u00f3n de sus datos personales.<\/p>\n<\/div><\/div><\/div><\/div><\/div>\n","protected":false},"excerpt":{"rendered":"","protected":false},"author":1,"featured_media":0,"parent":0,"menu_order":0,"comment_status":"closed","ping_status":"closed","template":"100-width.php","meta":{"footnotes":""},"class_list":["post-914","page","type-page","status-publish","hentry"],"yoast_head":"<!-- This site is optimized with the Yoast SEO plugin v27.0 - https:\/\/yoast.com\/product\/yoast-seo-wordpress\/ -->\n<title>Proteccion de datos - Abain<\/title>\n<meta name=\"robots\" content=\"index, follow, max-snippet:-1, max-image-preview:large, max-video-preview:-1\" \/>\n<link rel=\"canonical\" href=\"https:\/\/www.abain.es\/en\/proteccion-de-datos\/\" \/>\n<meta property=\"og:locale\" content=\"en_US\" \/>\n<meta property=\"og:type\" content=\"article\" \/>\n<meta property=\"og:title\" content=\"Proteccion de datos - Abain\" \/>\n<meta property=\"og:url\" content=\"https:\/\/www.abain.es\/en\/proteccion-de-datos\/\" \/>\n<meta property=\"og:site_name\" content=\"Abain\" \/>\n<meta property=\"article:publisher\" content=\"https:\/\/www.facebook.com\/Abain-Components-SL-135868916516621\/?paipv=0&amp;eav=Afb81xP2eAAsIZv9NYOXzPj_fH6-mHY30WaQG-cEdkgkLqIx4nDmo5JcMZvuWgEoHek&amp;_rdr\" \/>\n<meta property=\"article:modified_time\" content=\"2024-01-31T13:25:27+00:00\" \/>\n<meta name=\"twitter:card\" content=\"summary_large_image\" \/>\n<meta name=\"twitter:label1\" content=\"Est. reading time\" \/>\n\t<meta name=\"twitter:data1\" content=\"4 minutes\" \/>\n<script type=\"application\/ld+json\" class=\"yoast-schema-graph\">{\"@context\":\"https:\/\/schema.org\",\"@graph\":[{\"@type\":\"WebPage\",\"@id\":\"https:\/\/www.abain.es\/en\/proteccion-de-datos\/\",\"url\":\"https:\/\/www.abain.es\/en\/proteccion-de-datos\/\",\"name\":\"Proteccion de datos - Abain\",\"isPartOf\":{\"@id\":\"https:\/\/www.abain.es\/en\/#website\"},\"datePublished\":\"2023-03-06T12:28:18+00:00\",\"dateModified\":\"2024-01-31T13:25:27+00:00\",\"breadcrumb\":{\"@id\":\"https:\/\/www.abain.es\/en\/proteccion-de-datos\/#breadcrumb\"},\"inLanguage\":\"en-US\",\"potentialAction\":[{\"@type\":\"ReadAction\",\"target\":[\"https:\/\/www.abain.es\/en\/proteccion-de-datos\/\"]}]},{\"@type\":\"BreadcrumbList\",\"@id\":\"https:\/\/www.abain.es\/en\/proteccion-de-datos\/#breadcrumb\",\"itemListElement\":[{\"@type\":\"ListItem\",\"position\":1,\"name\":\"Portada\",\"item\":\"https:\/\/www.abain.es\/en\/\"},{\"@type\":\"ListItem\",\"position\":2,\"name\":\"Proteccion de datos\"}]},{\"@type\":\"WebSite\",\"@id\":\"https:\/\/www.abain.es\/en\/#website\",\"url\":\"https:\/\/www.abain.es\/en\/\",\"name\":\"Abain\",\"description\":\"Dise\u00f1o y fabricaci\u00f3n de cilindros y elevadores a gas\",\"publisher\":{\"@id\":\"https:\/\/www.abain.es\/en\/#organization\"},\"potentialAction\":[{\"@type\":\"SearchAction\",\"target\":{\"@type\":\"EntryPoint\",\"urlTemplate\":\"https:\/\/www.abain.es\/en\/?s={search_term_string}\"},\"query-input\":{\"@type\":\"PropertyValueSpecification\",\"valueRequired\":true,\"valueName\":\"search_term_string\"}}],\"inLanguage\":\"en-US\"},{\"@type\":\"Organization\",\"@id\":\"https:\/\/www.abain.es\/en\/#organization\",\"name\":\"Dise\u00f1o y fabricaci\u00f3n de cilindros y elevadores a gas\",\"url\":\"https:\/\/www.abain.es\/en\/\",\"logo\":{\"@type\":\"ImageObject\",\"inLanguage\":\"en-US\",\"@id\":\"https:\/\/www.abain.es\/en\/#\/schema\/logo\/image\/\",\"url\":\"https:\/\/www.abain.es\/wp-content\/uploads\/2023\/03\/ms-icon-310x310-1.png\",\"contentUrl\":\"https:\/\/www.abain.es\/wp-content\/uploads\/2023\/03\/ms-icon-310x310-1.png\",\"width\":310,\"height\":310,\"caption\":\"Dise\u00f1o y fabricaci\u00f3n de cilindros y elevadores a gas\"},\"image\":{\"@id\":\"https:\/\/www.abain.es\/en\/#\/schema\/logo\/image\/\"},\"sameAs\":[\"https:\/\/www.facebook.com\/Abain-Components-SL-135868916516621\/?paipv=0&eav=Afb81xP2eAAsIZv9NYOXzPj_fH6-mHY30WaQG-cEdkgkLqIx4nDmo5JcMZvuWgEoHek&_rdr\",\"https:\/\/www.instagram.com\/abaincomponents\/?hl=es\",\"https:\/\/www.youtube.com\/@abaincomponents\"]}]}<\/script>\n<!-- \/ Yoast SEO plugin. -->","yoast_head_json":{"title":"Proteccion de datos - Abain","robots":{"index":"index","follow":"follow","max-snippet":"max-snippet:-1","max-image-preview":"max-image-preview:large","max-video-preview":"max-video-preview:-1"},"canonical":"https:\/\/www.abain.es\/en\/proteccion-de-datos\/","og_locale":"en_US","og_type":"article","og_title":"Proteccion de datos - Abain","og_url":"https:\/\/www.abain.es\/en\/proteccion-de-datos\/","og_site_name":"Abain","article_publisher":"https:\/\/www.facebook.com\/Abain-Components-SL-135868916516621\/?paipv=0&eav=Afb81xP2eAAsIZv9NYOXzPj_fH6-mHY30WaQG-cEdkgkLqIx4nDmo5JcMZvuWgEoHek&_rdr","article_modified_time":"2024-01-31T13:25:27+00:00","twitter_card":"summary_large_image","twitter_misc":{"Est. reading time":"4 minutes"},"schema":{"@context":"https:\/\/schema.org","@graph":[{"@type":"WebPage","@id":"https:\/\/www.abain.es\/en\/proteccion-de-datos\/","url":"https:\/\/www.abain.es\/en\/proteccion-de-datos\/","name":"Proteccion de datos - Abain","isPartOf":{"@id":"https:\/\/www.abain.es\/en\/#website"},"datePublished":"2023-03-06T12:28:18+00:00","dateModified":"2024-01-31T13:25:27+00:00","breadcrumb":{"@id":"https:\/\/www.abain.es\/en\/proteccion-de-datos\/#breadcrumb"},"inLanguage":"en-US","potentialAction":[{"@type":"ReadAction","target":["https:\/\/www.abain.es\/en\/proteccion-de-datos\/"]}]},{"@type":"BreadcrumbList","@id":"https:\/\/www.abain.es\/en\/proteccion-de-datos\/#breadcrumb","itemListElement":[{"@type":"ListItem","position":1,"name":"Portada","item":"https:\/\/www.abain.es\/en\/"},{"@type":"ListItem","position":2,"name":"Proteccion de datos"}]},{"@type":"WebSite","@id":"https:\/\/www.abain.es\/en\/#website","url":"https:\/\/www.abain.es\/en\/","name":"Abain","description":"Dise\u00f1o y fabricaci\u00f3n de cilindros y elevadores a gas","publisher":{"@id":"https:\/\/www.abain.es\/en\/#organization"},"potentialAction":[{"@type":"SearchAction","target":{"@type":"EntryPoint","urlTemplate":"https:\/\/www.abain.es\/en\/?s={search_term_string}"},"query-input":{"@type":"PropertyValueSpecification","valueRequired":true,"valueName":"search_term_string"}}],"inLanguage":"en-US"},{"@type":"Organization","@id":"https:\/\/www.abain.es\/en\/#organization","name":"Dise\u00f1o y fabricaci\u00f3n de cilindros y elevadores a gas","url":"https:\/\/www.abain.es\/en\/","logo":{"@type":"ImageObject","inLanguage":"en-US","@id":"https:\/\/www.abain.es\/en\/#\/schema\/logo\/image\/","url":"https:\/\/www.abain.es\/wp-content\/uploads\/2023\/03\/ms-icon-310x310-1.png","contentUrl":"https:\/\/www.abain.es\/wp-content\/uploads\/2023\/03\/ms-icon-310x310-1.png","width":310,"height":310,"caption":"Dise\u00f1o y fabricaci\u00f3n de cilindros y elevadores a gas"},"image":{"@id":"https:\/\/www.abain.es\/en\/#\/schema\/logo\/image\/"},"sameAs":["https:\/\/www.facebook.com\/Abain-Components-SL-135868916516621\/?paipv=0&eav=Afb81xP2eAAsIZv9NYOXzPj_fH6-mHY30WaQG-cEdkgkLqIx4nDmo5JcMZvuWgEoHek&_rdr","https:\/\/www.instagram.com\/abaincomponents\/?hl=es","https:\/\/www.youtube.com\/@abaincomponents"]}]}},"_links":{"self":[{"href":"https:\/\/www.abain.es\/en\/wp-json\/wp\/v2\/pages\/914","targetHints":{"allow":["GET"]}}],"collection":[{"href":"https:\/\/www.abain.es\/en\/wp-json\/wp\/v2\/pages"}],"about":[{"href":"https:\/\/www.abain.es\/en\/wp-json\/wp\/v2\/types\/page"}],"author":[{"embeddable":true,"href":"https:\/\/www.abain.es\/en\/wp-json\/wp\/v2\/users\/1"}],"replies":[{"embeddable":true,"href":"https:\/\/www.abain.es\/en\/wp-json\/wp\/v2\/comments?post=914"}],"version-history":[{"count":2,"href":"https:\/\/www.abain.es\/en\/wp-json\/wp\/v2\/pages\/914\/revisions"}],"predecessor-version":[{"id":919,"href":"https:\/\/www.abain.es\/en\/wp-json\/wp\/v2\/pages\/914\/revisions\/919"}],"wp:attachment":[{"href":"https:\/\/www.abain.es\/en\/wp-json\/wp\/v2\/media?parent=914"}],"curies":[{"name":"wp","href":"https:\/\/api.w.org\/{rel}","templated":true}]}}