{"id":789,"date":"2023-03-01T14:27:26","date_gmt":"2023-03-01T14:27:26","guid":{"rendered":"https:\/\/abain.buzzkolab.com\/?page_id=789"},"modified":"2023-04-28T11:34:54","modified_gmt":"2023-04-28T11:34:54","slug":"contact","status":"publish","type":"page","link":"https:\/\/www.abain.es\/en\/contact\/","title":{"rendered":"Contact"},"content":{"rendered":"<div class=\"fusion-fullwidth fullwidth-box fusion-builder-row-1 fusion-flex-container has-pattern-background has-mask-background nonhundred-percent-fullwidth non-hundred-percent-height-scrolling\" style=\"--awb-border-radius-top-left:0px;--awb-border-radius-top-right:0px;--awb-border-radius-bottom-right:0px;--awb-border-radius-bottom-left:0px;--awb-margin-top:50px;--awb-margin-bottom:50px;--awb-flex-wrap:wrap;\" ><div class=\"fusion-builder-row fusion-row fusion-flex-align-items-flex-start fusion-flex-content-wrap\" style=\"max-width:1248px;margin-left: calc(-4% \/ 2 );margin-right: calc(-4% \/ 2 );\"><div class=\"fusion-layout-column fusion_builder_column fusion-builder-column-0 fusion_builder_column_3_4 3_4 fusion-flex-column\" style=\"--awb-bg-size:cover;--awb-width-large:75%;--awb-margin-top-large:0px;--awb-spacing-right-large:2.56%;--awb-margin-bottom-large:20px;--awb-spacing-left-large:2.56%;--awb-width-medium:75%;--awb-order-medium:0;--awb-spacing-right-medium:2.56%;--awb-spacing-left-medium:2.56%;--awb-width-small:100%;--awb-order-small:0;--awb-spacing-right-small:1.92%;--awb-spacing-left-small:1.92%;\"><div class=\"fusion-column-wrapper fusion-column-has-shadow fusion-flex-justify-content-flex-start fusion-content-layout-column\"><div class=\"fusion-text fusion-text-1\"><h2 style=\"text-align: center;\">Contact form<\/h2>\n<\/div>\n<div class=\"wpcf7 no-js\" id=\"wpcf7-f869-o1\" lang=\"en-US\" dir=\"ltr\" data-wpcf7-id=\"869\">\n<div class=\"screen-reader-response\"><p role=\"status\" aria-live=\"polite\" aria-atomic=\"true\"><\/p> <ul><\/ul><\/div>\n<form action=\"\/en\/wp-json\/wp\/v2\/pages\/789#wpcf7-f869-o1\" method=\"post\" class=\"wpcf7-form init wpcf7-acceptance-as-validation\" aria-label=\"Contact form\" novalidate=\"novalidate\" data-status=\"init\">\n<fieldset class=\"hidden-fields-container\"><input type=\"hidden\" name=\"_wpcf7\" value=\"869\" \/><input type=\"hidden\" name=\"_wpcf7_version\" value=\"6.1.5\" \/><input type=\"hidden\" name=\"_wpcf7_locale\" value=\"en_US\" \/><input type=\"hidden\" name=\"_wpcf7_unit_tag\" value=\"wpcf7-f869-o1\" \/><input type=\"hidden\" name=\"_wpcf7_container_post\" value=\"0\" \/><input type=\"hidden\" name=\"_wpcf7_posted_data_hash\" value=\"\" \/>\n<\/fieldset>\n<div id=\"fila1\">\n\t<p><label> Nombre<br \/>\n<span class=\"wpcf7-form-control-wrap\" data-name=\"nombre\"><input size=\"40\" maxlength=\"400\" class=\"wpcf7-form-control wpcf7-text wpcf7-validates-as-required\" autocomplete=\"name\" aria-required=\"true\" aria-invalid=\"false\" value=\"\" type=\"text\" name=\"nombre\" \/><\/span> <\/label><br \/>\n<label> Apellidos<br \/>\n<span class=\"wpcf7-form-control-wrap\" data-name=\"apellido\"><input size=\"40\" maxlength=\"400\" class=\"wpcf7-form-control wpcf7-text wpcf7-validates-as-required\" aria-required=\"true\" aria-invalid=\"false\" value=\"\" type=\"text\" name=\"apellido\" \/><\/span> <\/label>\n\t<\/p>\n<\/div>\n<div id=\"fila2\">\n\t<p><label> Empresa<br \/>\n<span class=\"wpcf7-form-control-wrap\" data-name=\"your-empresa\"><input size=\"40\" maxlength=\"400\" class=\"wpcf7-form-control wpcf7-text wpcf7-validates-as-required\" autocomplete=\"name\" aria-required=\"true\" aria-invalid=\"false\" value=\"\" type=\"text\" name=\"your-empresa\" \/><\/span> <\/label><br \/>\n<label> Email<br \/>\n<span class=\"wpcf7-form-control-wrap\" data-name=\"email\"><input size=\"40\" maxlength=\"400\" class=\"wpcf7-form-control wpcf7-email wpcf7-validates-as-required wpcf7-text wpcf7-validates-as-email\" autocomplete=\"email\" aria-required=\"true\" aria-invalid=\"false\" value=\"\" type=\"email\" name=\"email\" \/><\/span> <\/label><br \/>\n<label> Tel\u00e9fono<br \/>\n<span class=\"wpcf7-form-control-wrap\" data-name=\"Telefono\"><input size=\"40\" maxlength=\"400\" class=\"wpcf7-form-control wpcf7-tel wpcf7-text wpcf7-validates-as-tel\" aria-invalid=\"false\" value=\"\" type=\"tel\" name=\"Telefono\" \/><\/span> <\/label>\n\t<\/p>\n<\/div>\n<p><label>Mensaje (opcional)<br \/>\n<span class=\"wpcf7-form-control-wrap\" data-name=\"your-message\"><textarea cols=\"40\" rows=\"10\" maxlength=\"2000\" class=\"wpcf7-form-control wpcf7-textarea\" aria-invalid=\"false\" name=\"your-message\"><\/textarea><\/span> <\/label><br \/>\nInformaci\u00f3n b\u00e1sica sobre protecci\u00f3n de datos. ABAIN COMPONENTS S.L., como responsable del tratamiento, le informa que sus datos son recabados con la finalidad de: Tratamiento de los datos de car\u00e1cter personal que sean obtenidos a trav\u00e9s de los formularios de contacto disponibles en la p\u00e1gina web de la empresa para comunicaciones con solicitantes, prospecci\u00f3n comercial y env\u00edo de publicidad. La base jur\u00eddica para el tratamiento es el consentimiento del interesado. Sus datos no se ceder\u00e1n a terceros salvo obligaci\u00f3n legal. Cualquier persona tiene derecho a solicitar el acceso, rectificaci\u00f3n, supresi\u00f3n, limitaci\u00f3n del tratamiento, oposici\u00f3n o derecho a la portabilidad de sus datos personales, escribi\u00e9ndonos a la direcci\u00f3n de nuestras oficinas, o enviando un correo electr\u00f3nico a abarandiaran@abain.es, indicando el derecho que desea ejercer. Puede obtener informaci\u00f3n adicional en el apartado de PROTECCI\u00d3N DE DATOS.\n<\/p>\n<p><span class=\"wpcf7-form-control-wrap\" data-name=\"acceptance-670\"><span class=\"wpcf7-form-control wpcf7-acceptance\"><span class=\"wpcf7-list-item\"><label><input type=\"checkbox\" name=\"acceptance-670\" value=\"1\" aria-invalid=\"false\" \/><span class=\"wpcf7-list-item-label\">He le\u00eddo y <a href=\"\/en\/proteccion-de-datos\">acepto la Ley de protecci\u00f3n de datos<\/a> *<\/span><\/label><\/span><\/span><\/span>\n<\/p>\n<p><input class=\"wpcf7-form-control wpcf7-submit has-spinner\" type=\"submit\" value=\"Enviar\" \/>\n<\/p><div class=\"fusion-alert alert custom alert-custom fusion-alert-center wpcf7-response-output awb-alert-native-link-color alert-dismissable awb-alert-close-boxed\" style=\"--awb-border-size:1px;--awb-border-top-left-radius:0px;--awb-border-top-right-radius:0px;--awb-border-bottom-left-radius:0px;--awb-border-bottom-right-radius:0px;\" role=\"alert\"><div class=\"fusion-alert-content-wrapper\"><span class=\"fusion-alert-content\"><\/span><\/div><button type=\"button\" class=\"close toggle-alert\" data-dismiss=\"alert\" aria-label=\"Close\">&times;<\/button><\/div>\n<\/form>\n<\/div>\n<\/div><\/div><div class=\"fusion-layout-column fusion_builder_column fusion-builder-column-1 fusion_builder_column_1_4 1_4 fusion-flex-column\" style=\"--awb-bg-size:cover;--awb-width-large:25%;--awb-margin-top-large:0px;--awb-spacing-right-large:7.68%;--awb-margin-bottom-large:20px;--awb-spacing-left-large:7.68%;--awb-width-medium:25%;--awb-order-medium:0;--awb-spacing-right-medium:7.68%;--awb-spacing-left-medium:7.68%;--awb-width-small:100%;--awb-order-small:0;--awb-spacing-right-small:1.92%;--awb-spacing-left-small:1.92%;\"><div class=\"fusion-column-wrapper fusion-column-has-shadow fusion-flex-justify-content-flex-start fusion-content-layout-column\"><div class=\"fusion-text fusion-text-2\"><h2 style=\"text-align: center;\">Contact information<\/h2>\n<\/div><div class=\"fusion-text fusion-text-3\"><p>Pol\u00edgono Araso, Erregeoiana, 4 D<br \/>20305 Irun Gipuzkoa Spain<br \/>Telf.: +34 943 404 601<br \/>Email: <a href=\"mailto:abain@abain.es\" target=\"_blank\" rel=\"noopener\">abain@abain.es<\/a><\/p>\n<\/div><iframe src=\"https:\/\/www.google.com\/maps\/embed?pb=!1m18!1m12!1m3!1d2902.467436427564!2d-1.8376511!3d43.325406799999996!2m3!1f0!2f0!3f0!3m2!1i1024!2i768!4f13.1!3m3!1m2!1s0xd51062babbe7761%3A0x458871f6167a74a!2sAbain%20Components%20SL!5e0!3m2!1ses!2ses!4v1679994081102!5m2!1ses!2ses\" width=\"600\" height=\"450\" style=\"border:0;\" allowfullscreen=\"\" loading=\"lazy\" referrerpolicy=\"no-referrer-when-downgrade\"><\/iframe><\/div><\/div><\/div><\/div>\n","protected":false},"excerpt":{"rendered":"","protected":false},"author":1,"featured_media":0,"parent":0,"menu_order":0,"comment_status":"closed","ping_status":"closed","template":"100-width.php","meta":{"footnotes":""},"class_list":["post-789","page","type-page","status-publish","hentry"],"yoast_head":"<!-- This site is optimized with the Yoast SEO plugin v27.0 - https:\/\/yoast.com\/product\/yoast-seo-wordpress\/ -->\n<title>Contact - Abain<\/title>\n<meta name=\"description\" content=\"Contact informationPol\u00edgono Araso, Erregeoiana, 4 D20305 Irun Gipuzkoa SpainTelf.: +34 943 404 601Email: abain@abain.es\" \/>\n<meta name=\"robots\" content=\"index, follow, max-snippet:-1, max-image-preview:large, max-video-preview:-1\" \/>\n<link rel=\"canonical\" href=\"https:\/\/www.abain.es\/en\/contact\/\" \/>\n<meta property=\"og:locale\" content=\"en_US\" \/>\n<meta property=\"og:type\" content=\"article\" \/>\n<meta property=\"og:title\" content=\"Contact - Abain\" \/>\n<meta property=\"og:description\" content=\"Contact informationPol\u00edgono Araso, Erregeoiana, 4 D20305 Irun Gipuzkoa SpainTelf.: +34 943 404 601Email: abain@abain.es\" \/>\n<meta property=\"og:url\" content=\"https:\/\/www.abain.es\/en\/contact\/\" \/>\n<meta property=\"og:site_name\" content=\"Abain\" \/>\n<meta property=\"article:publisher\" content=\"https:\/\/www.facebook.com\/Abain-Components-SL-135868916516621\/?paipv=0&amp;eav=Afb81xP2eAAsIZv9NYOXzPj_fH6-mHY30WaQG-cEdkgkLqIx4nDmo5JcMZvuWgEoHek&amp;_rdr\" \/>\n<meta property=\"article:modified_time\" content=\"2023-04-28T11:34:54+00:00\" \/>\n<meta name=\"twitter:card\" content=\"summary_large_image\" \/>\n<meta name=\"twitter:label1\" content=\"Est. reading time\" \/>\n\t<meta name=\"twitter:data1\" content=\"3 minutes\" \/>\n<script type=\"application\/ld+json\" class=\"yoast-schema-graph\">{\"@context\":\"https:\/\/schema.org\",\"@graph\":[{\"@type\":\"WebPage\",\"@id\":\"https:\/\/www.abain.es\/en\/contact\/\",\"url\":\"https:\/\/www.abain.es\/en\/contact\/\",\"name\":\"Contact - Abain\",\"isPartOf\":{\"@id\":\"https:\/\/www.abain.es\/en\/#website\"},\"datePublished\":\"2023-03-01T14:27:26+00:00\",\"dateModified\":\"2023-04-28T11:34:54+00:00\",\"description\":\"Contact informationPol\u00edgono Araso, Erregeoiana, 4 D20305 Irun Gipuzkoa SpainTelf.: +34 943 404 601Email: abain@abain.es\",\"breadcrumb\":{\"@id\":\"https:\/\/www.abain.es\/en\/contact\/#breadcrumb\"},\"inLanguage\":\"en-US\",\"potentialAction\":[{\"@type\":\"ReadAction\",\"target\":[\"https:\/\/www.abain.es\/en\/contact\/\"]}]},{\"@type\":\"BreadcrumbList\",\"@id\":\"https:\/\/www.abain.es\/en\/contact\/#breadcrumb\",\"itemListElement\":[{\"@type\":\"ListItem\",\"position\":1,\"name\":\"Portada\",\"item\":\"https:\/\/www.abain.es\/en\/\"},{\"@type\":\"ListItem\",\"position\":2,\"name\":\"Contact\"}]},{\"@type\":\"WebSite\",\"@id\":\"https:\/\/www.abain.es\/en\/#website\",\"url\":\"https:\/\/www.abain.es\/en\/\",\"name\":\"Abain\",\"description\":\"Dise\u00f1o y fabricaci\u00f3n de cilindros y elevadores a gas\",\"publisher\":{\"@id\":\"https:\/\/www.abain.es\/en\/#organization\"},\"potentialAction\":[{\"@type\":\"SearchAction\",\"target\":{\"@type\":\"EntryPoint\",\"urlTemplate\":\"https:\/\/www.abain.es\/en\/?s={search_term_string}\"},\"query-input\":{\"@type\":\"PropertyValueSpecification\",\"valueRequired\":true,\"valueName\":\"search_term_string\"}}],\"inLanguage\":\"en-US\"},{\"@type\":\"Organization\",\"@id\":\"https:\/\/www.abain.es\/en\/#organization\",\"name\":\"Dise\u00f1o y fabricaci\u00f3n de cilindros y elevadores a gas\",\"url\":\"https:\/\/www.abain.es\/en\/\",\"logo\":{\"@type\":\"ImageObject\",\"inLanguage\":\"en-US\",\"@id\":\"https:\/\/www.abain.es\/en\/#\/schema\/logo\/image\/\",\"url\":\"https:\/\/www.abain.es\/wp-content\/uploads\/2023\/03\/ms-icon-310x310-1.png\",\"contentUrl\":\"https:\/\/www.abain.es\/wp-content\/uploads\/2023\/03\/ms-icon-310x310-1.png\",\"width\":310,\"height\":310,\"caption\":\"Dise\u00f1o y fabricaci\u00f3n de cilindros y elevadores a gas\"},\"image\":{\"@id\":\"https:\/\/www.abain.es\/en\/#\/schema\/logo\/image\/\"},\"sameAs\":[\"https:\/\/www.facebook.com\/Abain-Components-SL-135868916516621\/?paipv=0&eav=Afb81xP2eAAsIZv9NYOXzPj_fH6-mHY30WaQG-cEdkgkLqIx4nDmo5JcMZvuWgEoHek&_rdr\",\"https:\/\/www.instagram.com\/abaincomponents\/?hl=es\",\"https:\/\/www.youtube.com\/@abaincomponents\"]}]}<\/script>\n<!-- \/ Yoast SEO plugin. -->","yoast_head_json":{"title":"Contact - Abain","description":"Contact informationPol\u00edgono Araso, Erregeoiana, 4 D20305 Irun Gipuzkoa SpainTelf.: +34 943 404 601Email: abain@abain.es","robots":{"index":"index","follow":"follow","max-snippet":"max-snippet:-1","max-image-preview":"max-image-preview:large","max-video-preview":"max-video-preview:-1"},"canonical":"https:\/\/www.abain.es\/en\/contact\/","og_locale":"en_US","og_type":"article","og_title":"Contact - Abain","og_description":"Contact informationPol\u00edgono Araso, Erregeoiana, 4 D20305 Irun Gipuzkoa SpainTelf.: +34 943 404 601Email: abain@abain.es","og_url":"https:\/\/www.abain.es\/en\/contact\/","og_site_name":"Abain","article_publisher":"https:\/\/www.facebook.com\/Abain-Components-SL-135868916516621\/?paipv=0&eav=Afb81xP2eAAsIZv9NYOXzPj_fH6-mHY30WaQG-cEdkgkLqIx4nDmo5JcMZvuWgEoHek&_rdr","article_modified_time":"2023-04-28T11:34:54+00:00","twitter_card":"summary_large_image","twitter_misc":{"Est. reading time":"3 minutes"},"schema":{"@context":"https:\/\/schema.org","@graph":[{"@type":"WebPage","@id":"https:\/\/www.abain.es\/en\/contact\/","url":"https:\/\/www.abain.es\/en\/contact\/","name":"Contact - Abain","isPartOf":{"@id":"https:\/\/www.abain.es\/en\/#website"},"datePublished":"2023-03-01T14:27:26+00:00","dateModified":"2023-04-28T11:34:54+00:00","description":"Contact informationPol\u00edgono Araso, Erregeoiana, 4 D20305 Irun Gipuzkoa SpainTelf.: +34 943 404 601Email: abain@abain.es","breadcrumb":{"@id":"https:\/\/www.abain.es\/en\/contact\/#breadcrumb"},"inLanguage":"en-US","potentialAction":[{"@type":"ReadAction","target":["https:\/\/www.abain.es\/en\/contact\/"]}]},{"@type":"BreadcrumbList","@id":"https:\/\/www.abain.es\/en\/contact\/#breadcrumb","itemListElement":[{"@type":"ListItem","position":1,"name":"Portada","item":"https:\/\/www.abain.es\/en\/"},{"@type":"ListItem","position":2,"name":"Contact"}]},{"@type":"WebSite","@id":"https:\/\/www.abain.es\/en\/#website","url":"https:\/\/www.abain.es\/en\/","name":"Abain","description":"Dise\u00f1o y fabricaci\u00f3n de cilindros y elevadores a gas","publisher":{"@id":"https:\/\/www.abain.es\/en\/#organization"},"potentialAction":[{"@type":"SearchAction","target":{"@type":"EntryPoint","urlTemplate":"https:\/\/www.abain.es\/en\/?s={search_term_string}"},"query-input":{"@type":"PropertyValueSpecification","valueRequired":true,"valueName":"search_term_string"}}],"inLanguage":"en-US"},{"@type":"Organization","@id":"https:\/\/www.abain.es\/en\/#organization","name":"Dise\u00f1o y fabricaci\u00f3n de cilindros y elevadores a gas","url":"https:\/\/www.abain.es\/en\/","logo":{"@type":"ImageObject","inLanguage":"en-US","@id":"https:\/\/www.abain.es\/en\/#\/schema\/logo\/image\/","url":"https:\/\/www.abain.es\/wp-content\/uploads\/2023\/03\/ms-icon-310x310-1.png","contentUrl":"https:\/\/www.abain.es\/wp-content\/uploads\/2023\/03\/ms-icon-310x310-1.png","width":310,"height":310,"caption":"Dise\u00f1o y fabricaci\u00f3n de cilindros y elevadores a gas"},"image":{"@id":"https:\/\/www.abain.es\/en\/#\/schema\/logo\/image\/"},"sameAs":["https:\/\/www.facebook.com\/Abain-Components-SL-135868916516621\/?paipv=0&eav=Afb81xP2eAAsIZv9NYOXzPj_fH6-mHY30WaQG-cEdkgkLqIx4nDmo5JcMZvuWgEoHek&_rdr","https:\/\/www.instagram.com\/abaincomponents\/?hl=es","https:\/\/www.youtube.com\/@abaincomponents"]}]}},"_links":{"self":[{"href":"https:\/\/www.abain.es\/en\/wp-json\/wp\/v2\/pages\/789","targetHints":{"allow":["GET"]}}],"collection":[{"href":"https:\/\/www.abain.es\/en\/wp-json\/wp\/v2\/pages"}],"about":[{"href":"https:\/\/www.abain.es\/en\/wp-json\/wp\/v2\/types\/page"}],"author":[{"embeddable":true,"href":"https:\/\/www.abain.es\/en\/wp-json\/wp\/v2\/users\/1"}],"replies":[{"embeddable":true,"href":"https:\/\/www.abain.es\/en\/wp-json\/wp\/v2\/comments?post=789"}],"version-history":[{"count":2,"href":"https:\/\/www.abain.es\/en\/wp-json\/wp\/v2\/pages\/789\/revisions"}],"predecessor-version":[{"id":868,"href":"https:\/\/www.abain.es\/en\/wp-json\/wp\/v2\/pages\/789\/revisions\/868"}],"wp:attachment":[{"href":"https:\/\/www.abain.es\/en\/wp-json\/wp\/v2\/media?parent=789"}],"curies":[{"name":"wp","href":"https:\/\/api.w.org\/{rel}","templated":true}]}}